{"id":128,"date":"2025-12-02T14:59:23","date_gmt":"2025-12-02T13:59:23","guid":{"rendered":"https:\/\/canzona.zus-ml.cz\/canzona\/?page_id=128"},"modified":"2026-04-29T19:24:49","modified_gmt":"2026-04-29T17:24:49","slug":"video","status":"publish","type":"page","link":"https:\/\/canzona.zus-ml.cz\/canzona\/video\/","title":{"rendered":"Videogalerie"},"content":{"rendered":"\t\t<div data-elementor-type=\"wp-page\" data-elementor-id=\"128\" class=\"elementor elementor-128\">\n\t\t\t\t<div class=\"elementor-element elementor-element-453898d e-flex e-con-boxed elementor-invisible e-con e-parent\" data-id=\"453898d\" data-element_type=\"container\" data-e-type=\"container\" data-settings=\"{&quot;animation&quot;:&quot;fadeInUp&quot;}\">\n\t\t\t\t\t<div class=\"e-con-inner\">\n\t\t\t\t<div class=\"elementor-element elementor-element-9cc2985 elementor-invisible elementor-widget elementor-widget-text-editor\" data-id=\"9cc2985\" data-element_type=\"widget\" data-e-type=\"widget\" data-settings=\"{&quot;_animation&quot;:&quot;fadeInUp&quot;}\" data-widget_type=\"text-editor.default\">\n\t\t\t\t\t\t\t\t\t<h2 style=\"text-align: center;\"><a href=\"https:\/\/www.youtube.com\/playlist?list=PL1n5qfjbjgVrv4eWQOKyzkDST4O3FRP5m\" target=\"_blank\" rel=\"noopener\">Dal\u0161\u00ed videa na Youtube&#8230;<\/a><\/h2>\t\t\t\t\t\t\t\t<\/div>\n\t\t\t\t<div class=\"elementor-element elementor-element-b045ecd elementor-widget elementor-widget-text-editor\" data-id=\"b045ecd\" data-element_type=\"widget\" data-e-type=\"widget\" data-widget_type=\"text-editor.default\">\n\t\t\t\t\t\t\t\t\t<h5 style=\"text-align: center;\">26.4.2026 &#8211; Benefi\u010dn\u00ed koncert v kostele ve T\u0159ech Seker\u00e1ch<\/h5>\t\t\t\t\t\t\t\t<\/div>\n\t\t\t\t\t<\/div>\n\t\t\t\t<\/div>\n\t\t<div class=\"elementor-element elementor-element-c2b5ad3 e-flex e-con-boxed e-con e-parent\" data-id=\"c2b5ad3\" data-element_type=\"container\" data-e-type=\"container\">\n\t\t\t\t\t<div class=\"e-con-inner\">\n\t\t\t\t<div class=\"elementor-element elementor-element-49c4ade elementor-invisible elementor-widget elementor-widget-video\" data-id=\"49c4ade\" data-element_type=\"widget\" data-e-type=\"widget\" data-settings=\"{&quot;youtube_url&quot;:&quot;https:\\\/\\\/youtu.be\\\/8DofB-GiTX4&quot;,&quot;_animation&quot;:&quot;fadeInUp&quot;,&quot;video_type&quot;:&quot;youtube&quot;,&quot;controls&quot;:&quot;yes&quot;}\" data-widget_type=\"video.default\">\n\t\t\t\t\t\t\t<div class=\"elementor-wrapper elementor-open-inline\">\n\t\t\t<div class=\"elementor-video\"><\/div>\t\t<\/div>\n\t\t\t\t\t\t<\/div>\n\t\t\t\t\t<\/div>\n\t\t\t\t<\/div>\n\t\t<div class=\"elementor-element elementor-element-969b167 e-flex e-con-boxed elementor-invisible e-con e-parent\" data-id=\"969b167\" data-element_type=\"container\" data-e-type=\"container\" data-settings=\"{&quot;animation&quot;:&quot;fadeInUp&quot;}\">\n\t\t\t\t\t<div class=\"e-con-inner\">\n\t\t<div class=\"elementor-element elementor-element-8d2e331 e-con-full e-flex e-con e-child\" data-id=\"8d2e331\" data-element_type=\"container\" data-e-type=\"container\">\n\t\t\t\t<div class=\"elementor-element elementor-element-78de69f elementor-widget elementor-widget-text-editor\" data-id=\"78de69f\" data-element_type=\"widget\" data-e-type=\"widget\" data-widget_type=\"text-editor.default\">\n\t\t\t\t\t\t\t\t\t<h5 style=\"text-align: center;\">1.4.2026 &#8211; Krajsk\u00e9 kolo postupov\u00e9 sborov\u00e9 p\u0159ehl\u00eddky &#8211; Loket<\/h5><h5 style=\"text-align: center;\">St\u0159\u00edbrn\u00e9 p\u00e1smo<\/h5>\t\t\t\t\t\t\t\t<\/div>\n\t\t\t\t<div class=\"elementor-element elementor-element-ab0f4cf elementor-widget elementor-widget-video\" data-id=\"ab0f4cf\" data-element_type=\"widget\" data-e-type=\"widget\" data-settings=\"{&quot;youtube_url&quot;:&quot;https:\\\/\\\/youtu.be\\\/wLYb3dSWsw8?si=wAbkwfwJ2pRkDq6T&quot;,&quot;video_type&quot;:&quot;youtube&quot;,&quot;controls&quot;:&quot;yes&quot;}\" data-widget_type=\"video.default\">\n\t\t\t\t\t\t\t<div class=\"elementor-wrapper elementor-open-inline\">\n\t\t\t<div class=\"elementor-video\"><\/div>\t\t<\/div>\n\t\t\t\t\t\t<\/div>\n\t\t\t\t<\/div>\n\t\t<div class=\"elementor-element elementor-element-38b6518 e-con-full e-flex e-con e-child\" data-id=\"38b6518\" data-element_type=\"container\" data-e-type=\"container\">\n\t\t\t\t<div class=\"elementor-element elementor-element-9744e4b elementor-widget elementor-widget-text-editor\" data-id=\"9744e4b\" data-element_type=\"widget\" data-e-type=\"widget\" data-widget_type=\"text-editor.default\">\n\t\t\t\t\t\t\t\t\t<h5 style=\"text-align: center;\"><span style=\"color: #180bee; font-family: 'Times New Roman', sans-serif; text-align: -webkit-left;\">13.3.2026 \u2013 Krajsk\u00e9 kolo sout\u011b\u017ee p\u011bveck\u00fdch sbor\u016f v Karlov\u00fdch Varech<\/span><\/h5><h5 style=\"text-align: center;\"><span style=\"color: #180bee; font-family: 'Times New Roman', sans-serif; text-align: -webkit-left;\">St\u0159\u00edbrn\u00e9 p\u00e1smo<\/span><\/h5>\n<div><\/div>\n<div><\/div>\t\t\t\t\t\t\t\t<\/div>\n\t\t\t\t<div class=\"elementor-element elementor-element-cb63902 elementor-widget elementor-widget-video\" data-id=\"cb63902\" data-element_type=\"widget\" data-e-type=\"widget\" data-settings=\"{&quot;youtube_url&quot;:&quot;https:\\\/\\\/youtu.be\\\/bs4JgUVRcMw?si=FGZyKv_bSnBTilUK&quot;,&quot;video_type&quot;:&quot;youtube&quot;,&quot;controls&quot;:&quot;yes&quot;}\" data-widget_type=\"video.default\">\n\t\t\t\t\t\t\t<div class=\"elementor-wrapper elementor-open-inline\">\n\t\t\t<div class=\"elementor-video\"><\/div>\t\t<\/div>\n\t\t\t\t\t\t<\/div>\n\t\t\t\t<\/div>\n\t\t\t\t\t<\/div>\n\t\t\t\t<\/div>\n\t\t<div class=\"elementor-element elementor-element-c20ebfb e-flex e-con-boxed elementor-invisible e-con e-parent\" data-id=\"c20ebfb\" data-element_type=\"container\" data-e-type=\"container\" data-settings=\"{&quot;animation&quot;:&quot;fadeInUp&quot;}\">\n\t\t\t\t\t<div class=\"e-con-inner\">\n\t\t<div class=\"elementor-element elementor-element-c90333a e-con-full e-flex e-con e-child\" data-id=\"c90333a\" data-element_type=\"container\" data-e-type=\"container\">\n\t\t\t\t<div class=\"elementor-element elementor-element-d9025d4 elementor-widget elementor-widget-text-editor\" data-id=\"d9025d4\" data-element_type=\"widget\" data-e-type=\"widget\" data-widget_type=\"text-editor.default\">\n\t\t\t\t\t\t\t\t\t<h5 style=\"text-align: center;\">V\u00e1no\u010dn\u00ed vystoupen\u00ed v ZU\u0160 F. Chopina Mar. L\u00e1zn\u011b 15.12.2025<\/h5>\t\t\t\t\t\t\t\t<\/div>\n\t\t\t\t<div class=\"elementor-element elementor-element-0613ce3 elementor-widget elementor-widget-video\" data-id=\"0613ce3\" data-element_type=\"widget\" data-e-type=\"widget\" data-settings=\"{&quot;youtube_url&quot;:&quot;https:\\\/\\\/youtu.be\\\/ivBgzr1fXQA&quot;,&quot;video_type&quot;:&quot;youtube&quot;,&quot;controls&quot;:&quot;yes&quot;}\" data-widget_type=\"video.default\">\n\t\t\t\t\t\t\t<div class=\"elementor-wrapper elementor-open-inline\">\n\t\t\t<div class=\"elementor-video\"><\/div>\t\t<\/div>\n\t\t\t\t\t\t<\/div>\n\t\t\t\t<\/div>\n\t\t<div class=\"elementor-element elementor-element-593e3aa e-con-full e-flex e-con e-child\" data-id=\"593e3aa\" data-element_type=\"container\" data-e-type=\"container\">\n\t\t\t\t<div class=\"elementor-element elementor-element-9a3384a elementor-widget elementor-widget-text-editor\" data-id=\"9a3384a\" data-element_type=\"widget\" data-e-type=\"widget\" data-widget_type=\"text-editor.default\">\n\t\t\t\t\t\t\t\t\t<h5 style=\"text-align: center;\">V\u00e1no\u010dn\u00ed vystoupen\u00ed v Dom\u011b Chopin 13.12.2025<\/h5>\t\t\t\t\t\t\t\t<\/div>\n\t\t\t\t<div class=\"elementor-element elementor-element-f008698 elementor-widget elementor-widget-video\" data-id=\"f008698\" data-element_type=\"widget\" data-e-type=\"widget\" data-settings=\"{&quot;youtube_url&quot;:&quot;https:\\\/\\\/youtu.be\\\/to4QEgCzkac&quot;,&quot;video_type&quot;:&quot;youtube&quot;,&quot;controls&quot;:&quot;yes&quot;}\" data-widget_type=\"video.default\">\n\t\t\t\t\t\t\t<div class=\"elementor-wrapper elementor-open-inline\">\n\t\t\t<div class=\"elementor-video\"><\/div>\t\t<\/div>\n\t\t\t\t\t\t<\/div>\n\t\t\t\t<\/div>\n\t\t\t\t\t<\/div>\n\t\t\t\t<\/div>\n\t\t<div class=\"elementor-element elementor-element-f99818d e-flex e-con-boxed elementor-invisible e-con e-parent\" data-id=\"f99818d\" data-element_type=\"container\" data-e-type=\"container\" data-settings=\"{&quot;animation&quot;:&quot;fadeInUp&quot;}\">\n\t\t\t\t\t<div class=\"e-con-inner\">\n\t\t<div class=\"elementor-element elementor-element-241b55b e-con-full e-flex e-con e-child\" data-id=\"241b55b\" data-element_type=\"container\" data-e-type=\"container\">\n\t\t\t\t<div class=\"elementor-element elementor-element-ddc7a11 elementor-widget__width-initial elementor-widget elementor-widget-text-editor\" data-id=\"ddc7a11\" data-element_type=\"widget\" data-e-type=\"widget\" data-widget_type=\"text-editor.default\">\n\t\t\t\t\t\t\t\t\t<h5 style=\"text-align: center;\">Hymna \u010cR 28.10.2025<\/h5>\n<div><br><\/div>\n<div><\/div>\n<p><\/p>\t\t\t\t\t\t\t\t<\/div>\n\t\t\t\t<div class=\"elementor-element elementor-element-4d7f4eb elementor-widget elementor-widget-video\" data-id=\"4d7f4eb\" data-element_type=\"widget\" data-e-type=\"widget\" data-settings=\"{&quot;youtube_url&quot;:&quot;https:\\\/\\\/youtu.be\\\/_wlLTSTRNxw?si=pFozq4axH_uDIGEU&quot;,&quot;video_type&quot;:&quot;youtube&quot;,&quot;controls&quot;:&quot;yes&quot;}\" data-widget_type=\"video.default\">\n\t\t\t\t\t\t\t<div class=\"elementor-wrapper elementor-open-inline\">\n\t\t\t<div class=\"elementor-video\"><\/div>\t\t<\/div>\n\t\t\t\t\t\t<\/div>\n\t\t\t\t<\/div>\n\t\t\t\t\t<\/div>\n\t\t\t\t<\/div>\n\t\t<div class=\"elementor-element elementor-element-904a7e5 e-con-full e-flex elementor-invisible e-con e-parent\" data-id=\"904a7e5\" data-element_type=\"container\" data-e-type=\"container\" data-settings=\"{&quot;animation&quot;:&quot;fadeInUp&quot;}\">\n\t\t\t\t<div class=\"elementor-element elementor-element-afa881f elementor-widget elementor-widget-text-editor\" data-id=\"afa881f\" data-element_type=\"widget\" data-e-type=\"widget\" data-widget_type=\"text-editor.default\">\n\t\t\t\t\t\t\t\t\t<h5 style=\"text-align: center;\">Koncertn\u00ed z\u00e1jezd do Anglie 07.2015 &#8211; sest\u0159ih z koncert\u016f<\/h5>\t\t\t\t\t\t\t\t<\/div>\n\t\t\t\t<div class=\"elementor-element elementor-element-a6520a0 elementor-widget__width-initial elementor-widget elementor-widget-video\" data-id=\"a6520a0\" data-element_type=\"widget\" data-e-type=\"widget\" data-settings=\"{&quot;youtube_url&quot;:&quot;https:\\\/\\\/youtu.be\\\/VZiemNSnJAk?si=kNdmSFVXhaA0Y9OJ&quot;,&quot;video_type&quot;:&quot;youtube&quot;,&quot;controls&quot;:&quot;yes&quot;}\" data-widget_type=\"video.default\">\n\t\t\t\t\t\t\t<div class=\"elementor-wrapper elementor-open-inline\">\n\t\t\t<div class=\"elementor-video\"><\/div>\t\t<\/div>\n\t\t\t\t\t\t<\/div>\n\t\t\t\t<\/div>\n\t\t<div class=\"elementor-element elementor-element-574ab79 e-flex e-con-boxed elementor-invisible e-con e-parent\" data-id=\"574ab79\" data-element_type=\"container\" data-e-type=\"container\" data-settings=\"{&quot;animation&quot;:&quot;fadeInUp&quot;}\">\n\t\t\t\t\t<div class=\"e-con-inner\">\n\t\t<div class=\"elementor-element elementor-element-ab6ddf6 e-con-full e-flex e-con e-child\" data-id=\"ab6ddf6\" data-element_type=\"container\" data-e-type=\"container\">\n\t\t\t\t<div class=\"elementor-element elementor-element-80ea0c5 elementor-widget elementor-widget-text-editor\" data-id=\"80ea0c5\" data-element_type=\"widget\" data-e-type=\"widget\" data-widget_type=\"text-editor.default\">\n\t\t\t\t\t\t\t\t\t<h5 style=\"text-align: center;\">V\u00fdro\u010dn\u00ed koncert se ZSO 20.11.2014<\/h5>\t\t\t\t\t\t\t\t<\/div>\n\t\t\t\t<div class=\"elementor-element elementor-element-d733a17 elementor-widget elementor-widget-video\" data-id=\"d733a17\" data-element_type=\"widget\" data-e-type=\"widget\" data-settings=\"{&quot;youtube_url&quot;:&quot;https:\\\/\\\/youtu.be\\\/nqM8q3tJrng?si=Pha2teVgAOX0E4v8&quot;,&quot;video_type&quot;:&quot;youtube&quot;,&quot;controls&quot;:&quot;yes&quot;}\" data-widget_type=\"video.default\">\n\t\t\t\t\t\t\t<div class=\"elementor-wrapper elementor-open-inline\">\n\t\t\t<div class=\"elementor-video\"><\/div>\t\t<\/div>\n\t\t\t\t\t\t<\/div>\n\t\t\t\t<\/div>\n\t\t\t\t\t<\/div>\n\t\t\t\t<\/div>\n\t\t<div class=\"elementor-element elementor-element-9ba296b e-flex e-con-boxed elementor-invisible e-con e-parent\" data-id=\"9ba296b\" data-element_type=\"container\" data-e-type=\"container\" data-settings=\"{&quot;animation&quot;:&quot;fadeInUp&quot;}\">\n\t\t\t\t\t<div class=\"e-con-inner\">\n\t\t<div class=\"elementor-element elementor-element-be8162d e-con-full e-flex e-con e-child\" data-id=\"be8162d\" data-element_type=\"container\" data-e-type=\"container\">\n\t\t\t\t<div class=\"elementor-element elementor-element-ed81c2e elementor-widget elementor-widget-text-editor\" data-id=\"ed81c2e\" data-element_type=\"widget\" data-e-type=\"widget\" data-widget_type=\"text-editor.default\">\n\t\t\t\t\t\t\t\t\t<h5 style=\"text-align: center;\">&#8222;Zahrada p\u00edsn\u00ed&#8220; v Praze 12.04.2014<\/h5>\t\t\t\t\t\t\t\t<\/div>\n\t\t\t\t<div class=\"elementor-element elementor-element-7cc2a58 elementor-widget elementor-widget-video\" data-id=\"7cc2a58\" data-element_type=\"widget\" data-e-type=\"widget\" data-settings=\"{&quot;youtube_url&quot;:&quot;https:\\\/\\\/youtu.be\\\/XAcLv-BjUSs?si=yIFZalMEOr3y_Nk-&quot;,&quot;video_type&quot;:&quot;youtube&quot;,&quot;controls&quot;:&quot;yes&quot;}\" data-widget_type=\"video.default\">\n\t\t\t\t\t\t\t<div class=\"elementor-wrapper elementor-open-inline\">\n\t\t\t<div class=\"elementor-video\"><\/div>\t\t<\/div>\n\t\t\t\t\t\t<\/div>\n\t\t\t\t<\/div>\n\t\t\t\t\t<\/div>\n\t\t\t\t<\/div>\n\t\t<div class=\"elementor-element elementor-element-8f5b4bc e-flex e-con-boxed elementor-invisible e-con e-parent\" data-id=\"8f5b4bc\" data-element_type=\"container\" data-e-type=\"container\" data-settings=\"{&quot;animation&quot;:&quot;fadeInUp&quot;}\">\n\t\t\t\t\t<div class=\"e-con-inner\">\n\t\t<div class=\"elementor-element elementor-element-173a5aa e-con-full e-flex e-con e-child\" data-id=\"173a5aa\" data-element_type=\"container\" data-e-type=\"container\">\n\t\t\t\t<div class=\"elementor-element elementor-element-b81d22a elementor-widget elementor-widget-text-editor\" data-id=\"b81d22a\" data-element_type=\"widget\" data-e-type=\"widget\" data-widget_type=\"text-editor.default\">\n\t\t\t\t\t\t\t\t\t<h5 style=\"text-align: center;\">Koncert se ZSO 25.11.2011<\/h5>\t\t\t\t\t\t\t\t<\/div>\n\t\t\t\t<div class=\"elementor-element elementor-element-21657de elementor-widget elementor-widget-video\" data-id=\"21657de\" data-element_type=\"widget\" data-e-type=\"widget\" data-settings=\"{&quot;youtube_url&quot;:&quot;https:\\\/\\\/youtu.be\\\/g3ZA-7JGyrM?si=Ayh7fZjuOBGEy9W5&quot;,&quot;video_type&quot;:&quot;youtube&quot;,&quot;controls&quot;:&quot;yes&quot;}\" data-widget_type=\"video.default\">\n\t\t\t\t\t\t\t<div class=\"elementor-wrapper elementor-open-inline\">\n\t\t\t<div class=\"elementor-video\"><\/div>\t\t<\/div>\n\t\t\t\t\t\t<\/div>\n\t\t\t\t<\/div>\n\t\t\t\t\t<\/div>\n\t\t\t\t<\/div>\n\t\t<div class=\"elementor-element elementor-element-28634b7 e-flex e-con-boxed elementor-invisible e-con e-parent\" data-id=\"28634b7\" data-element_type=\"container\" data-e-type=\"container\" data-settings=\"{&quot;animation&quot;:&quot;fadeInUp&quot;}\">\n\t\t\t\t\t<div class=\"e-con-inner\">\n\t\t\t\t\t<\/div>\n\t\t\t\t<\/div>\n\t\t\t\t<\/div>\n\t\t","protected":false},"excerpt":{"rendered":"<p>Dal\u0161\u00ed videa na Youtube&#8230; 26.4.2026 &#8211; Benefi\u010dn\u00ed koncert v kostele ve T\u0159ech Seker\u00e1ch https:\/\/youtu.be\/8DofB-GiTX4 1.4.2026 &#8211; Krajsk\u00e9 kolo postupov\u00e9 sborov\u00e9 p\u0159ehl\u00eddky &#8211; Loket St\u0159\u00edbrn\u00e9 p\u00e1smo https:\/\/youtu.be\/wLYb3dSWsw8?si=wAbkwfwJ2pRkDq6T 13.3.2026 \u2013 Krajsk\u00e9 kolo sout\u011b\u017ee p\u011bveck\u00fdch sbor\u016f v Karlov\u00fdch Varech St\u0159\u00edbrn\u00e9 p\u00e1smo https:\/\/youtu.be\/bs4JgUVRcMw?si=FGZyKv_bSnBTilUK V\u00e1no\u010dn\u00ed vystoupen\u00ed v ZU\u0160 F. Chopina Mar. L\u00e1zn\u011b 15.12.2025 https:\/\/youtu.be\/ivBgzr1fXQA V\u00e1no\u010dn\u00ed [&hellip;]<\/p>\n","protected":false},"author":1,"featured_media":0,"parent":0,"menu_order":0,"comment_status":"closed","ping_status":"closed","template":"","meta":{"footnotes":""},"class_list":["post-128","page","type-page","status-publish","hentry"],"_links":{"self":[{"href":"https:\/\/canzona.zus-ml.cz\/canzona\/wp-json\/wp\/v2\/pages\/128","targetHints":{"allow":["GET"]}}],"collection":[{"href":"https:\/\/canzona.zus-ml.cz\/canzona\/wp-json\/wp\/v2\/pages"}],"about":[{"href":"https:\/\/canzona.zus-ml.cz\/canzona\/wp-json\/wp\/v2\/types\/page"}],"author":[{"embeddable":true,"href":"https:\/\/canzona.zus-ml.cz\/canzona\/wp-json\/wp\/v2\/users\/1"}],"replies":[{"embeddable":true,"href":"https:\/\/canzona.zus-ml.cz\/canzona\/wp-json\/wp\/v2\/comments?post=128"}],"version-history":[{"count":98,"href":"https:\/\/canzona.zus-ml.cz\/canzona\/wp-json\/wp\/v2\/pages\/128\/revisions"}],"predecessor-version":[{"id":1519,"href":"https:\/\/canzona.zus-ml.cz\/canzona\/wp-json\/wp\/v2\/pages\/128\/revisions\/1519"}],"wp:attachment":[{"href":"https:\/\/canzona.zus-ml.cz\/canzona\/wp-json\/wp\/v2\/media?parent=128"}],"curies":[{"name":"wp","href":"https:\/\/api.w.org\/{rel}","templated":true}]}}