{"id":203,"date":"2025-12-02T21:54:38","date_gmt":"2025-12-02T20:54:38","guid":{"rendered":"https:\/\/canzona.zus-ml.cz\/canzona\/?page_id=203"},"modified":"2026-01-09T21:09:18","modified_gmt":"2026-01-09T20:09:18","slug":"kontakty","status":"publish","type":"page","link":"https:\/\/canzona.zus-ml.cz\/canzona\/kontakty\/","title":{"rendered":"Kontakty"},"content":{"rendered":"\t\t<div data-elementor-type=\"wp-page\" data-elementor-id=\"203\" class=\"elementor elementor-203\">\n\t\t\t\t<div class=\"elementor-element elementor-element-463f6ba e-con-full e-flex e-con e-parent\" data-id=\"463f6ba\" data-element_type=\"container\" data-e-type=\"container\">\n\t\t\t\t<div class=\"elementor-element elementor-element-d1108e0 elementor-invisible elementor-widget elementor-widget-text-editor\" data-id=\"d1108e0\" data-element_type=\"widget\" data-e-type=\"widget\" data-settings=\"{&quot;_animation&quot;:&quot;fadeInUp&quot;}\" data-widget_type=\"text-editor.default\">\n\t\t\t\t\t\t\t\t\t<h2 style=\"text-align: center;\" align=\"left\"><strong>ZU\u0160 F. Chopina Mar. L\u00e1zn\u011b<\/strong><\/h2><p style=\"text-align: center;\" align=\"left\">Lu\u017eick\u00e1 412,<\/p><p style=\"text-align: center;\" align=\"left\">35301 Mari\u00e1nsk\u00e9 L\u00e1zn\u011b<\/p><p style=\"text-align: center;\" align=\"left\">tel. 354625280<\/p><p style=\"text-align: center;\" align=\"left\">email: <a href=\"mailto:chopin@zus-ml.cz\"><span id=\"cloak82982\">chopin@zus-ml.cz<\/span><\/a><\/p><p style=\"text-align: center;\" align=\"left\"><a href=\"https:\/\/www.zus-ml.cz\/\" target=\"_blank\" rel=\"noopener\">www.zus-ml.cz<\/a><\/p><h2 style=\"text-align: center;\" align=\"left\"><strong>Sbormistr:<\/strong><\/h2><p style=\"text-align: center;\" align=\"left\">Olimpiu Cretan<\/p><p style=\"text-align: center;\" align=\"left\">tel. 775987199<\/p><p style=\"text-align: center;\" align=\"left\">email: <a href=\"mailto:olimpiu@cretan.cz\">olimpiu@cretan.cz<\/a><\/p><p style=\"text-align: center;\" align=\"left\"><a href=\"https:\/\/cretan.cz\/\" target=\"_blank\" rel=\"noopener\">www.cretan.cz<\/a><\/p>\t\t\t\t\t\t\t\t<\/div>\n\t\t\t\t<\/div>\n\t\t\t\t<\/div>\n\t\t","protected":false},"excerpt":{"rendered":"<p>ZU\u0160 F. Chopina Mar. L\u00e1zn\u011b Lu\u017eick\u00e1 412, 35301 Mari\u00e1nsk\u00e9 L\u00e1zn\u011b tel. 354625280 email: chopin@zus-ml.cz www.zus-ml.cz Sbormistr: Olimpiu Cretan tel. 775987199 email: olimpiu@cretan.cz www.cretan.cz<\/p>\n","protected":false},"author":1,"featured_media":0,"parent":0,"menu_order":0,"comment_status":"closed","ping_status":"closed","template":"","meta":{"footnotes":""},"class_list":["post-203","page","type-page","status-publish","hentry"],"_links":{"self":[{"href":"https:\/\/canzona.zus-ml.cz\/canzona\/wp-json\/wp\/v2\/pages\/203","targetHints":{"allow":["GET"]}}],"collection":[{"href":"https:\/\/canzona.zus-ml.cz\/canzona\/wp-json\/wp\/v2\/pages"}],"about":[{"href":"https:\/\/canzona.zus-ml.cz\/canzona\/wp-json\/wp\/v2\/types\/page"}],"author":[{"embeddable":true,"href":"https:\/\/canzona.zus-ml.cz\/canzona\/wp-json\/wp\/v2\/users\/1"}],"replies":[{"embeddable":true,"href":"https:\/\/canzona.zus-ml.cz\/canzona\/wp-json\/wp\/v2\/comments?post=203"}],"version-history":[{"count":13,"href":"https:\/\/canzona.zus-ml.cz\/canzona\/wp-json\/wp\/v2\/pages\/203\/revisions"}],"predecessor-version":[{"id":954,"href":"https:\/\/canzona.zus-ml.cz\/canzona\/wp-json\/wp\/v2\/pages\/203\/revisions\/954"}],"wp:attachment":[{"href":"https:\/\/canzona.zus-ml.cz\/canzona\/wp-json\/wp\/v2\/media?parent=203"}],"curies":[{"name":"wp","href":"https:\/\/api.w.org\/{rel}","templated":true}]}}