{"id":895,"date":"2026-01-08T21:24:55","date_gmt":"2026-01-08T20:24:55","guid":{"rendered":"https:\/\/canzona.zus-ml.cz\/canzona\/?page_id=895"},"modified":"2026-04-26T19:49:22","modified_gmt":"2026-04-26T17:49:22","slug":"predchozi-vystoupeni","status":"publish","type":"page","link":"https:\/\/canzona.zus-ml.cz\/canzona\/predchozi-vystoupeni\/","title":{"rendered":"P\u0159edchoz\u00ed vystoupen\u00ed"},"content":{"rendered":"\t\t<div data-elementor-type=\"wp-page\" data-elementor-id=\"895\" class=\"elementor elementor-895\">\n\t\t\t\t<div class=\"elementor-element elementor-element-463f6ba e-flex e-con-boxed e-con e-parent\" data-id=\"463f6ba\" data-element_type=\"container\" data-e-type=\"container\">\n\t\t\t\t\t<div class=\"e-con-inner\">\n\t\t\t\t<div class=\"elementor-element elementor-element-d1108e0 elementor-invisible elementor-widget elementor-widget-text-editor\" data-id=\"d1108e0\" data-element_type=\"widget\" data-e-type=\"widget\" data-settings=\"{&quot;_animation&quot;:&quot;fadeInUp&quot;}\" data-widget_type=\"text-editor.default\">\n\t\t\t\t\t\t\t\t\t<p align=\"left\">26.4.2026 &#8211; Benefi\u010dn\u00ed koncert v kostele ve T\u0159ech Seker\u00e1ch<\/p><p align=\"left\">21.4.2026 &#8211; D\u011bti d\u011btem v Divadle Mar. L\u00e1zn\u011b<\/p>\n<p align=\"left\">1.4.2026 &#8211;&nbsp;<span style=\"color: rgb(8, 0, 247); text-align: center;\">Krajsk\u00e9 kolo postupov\u00e9 sborov\u00e9 p\u0159ehl\u00eddky v Lokti &#8211; St\u0159\u00edbrn\u00e9 p\u00e1smo<\/span><\/p>\n<p align=\"left\">13.3.2026 &#8211; Krajsk\u00e9 kolo sout\u011b\u017ee p\u011bveck\u00fdch sbor\u016f v Karlov\u00fdch Varech &#8211; St\u0159\u00edbrn\u00e9 p\u00e1smo<\/p>\n<p align=\"left\">10.3.2026 &#8211; Vystoupen\u00ed v s\u00e1le ZU\u0160 F. Chopina Mar. L\u00e1zn\u011b<\/p>\n<p align=\"left\">15.12.2025 &#8211; V\u00e1no\u010dn\u00ed vystoupen\u00ed v s\u00e1le ZU\u0160 F. Chopina ML<\/p>\n<p align=\"left\">13.12.2025 &#8211; V\u00e1no\u010dn\u00ed vystoupen\u00ed na n\u00e1dvo\u0159\u00ed Domu Chopin ML<\/p>\n<p align=\"left\">28.10.2025 &#8211; Vystoupen\u00ed na kolon\u00e1d\u011b Mar. L\u00e1zn\u011b v r\u00e1mci oslav vzniku samostatn\u00e9ho \u010ceskoslovenska<\/p>\t\t\t\t\t\t\t\t<\/div>\n\t\t\t\t\t<\/div>\n\t\t\t\t<\/div>\n\t\t\t\t<\/div>\n\t\t","protected":false},"excerpt":{"rendered":"<p>26.4.2026 &#8211; Benefi\u010dn\u00ed koncert v kostele ve T\u0159ech Seker\u00e1ch 21.4.2026 &#8211; D\u011bti d\u011btem v Divadle Mar. L\u00e1zn\u011b 1.4.2026 &#8211;&nbsp;Krajsk\u00e9 kolo postupov\u00e9 sborov\u00e9 p\u0159ehl\u00eddky v Lokti &#8211; St\u0159\u00edbrn\u00e9 p\u00e1smo 13.3.2026 &#8211; Krajsk\u00e9 kolo sout\u011b\u017ee p\u011bveck\u00fdch sbor\u016f v Karlov\u00fdch Varech &#8211; St\u0159\u00edbrn\u00e9 p\u00e1smo 10.3.2026 &#8211; Vystoupen\u00ed v s\u00e1le ZU\u0160 F. Chopina Mar. [&hellip;]<\/p>\n","protected":false},"author":1,"featured_media":0,"parent":0,"menu_order":0,"comment_status":"closed","ping_status":"closed","template":"","meta":{"footnotes":""},"class_list":["post-895","page","type-page","status-publish","hentry"],"_links":{"self":[{"href":"https:\/\/canzona.zus-ml.cz\/canzona\/wp-json\/wp\/v2\/pages\/895","targetHints":{"allow":["GET"]}}],"collection":[{"href":"https:\/\/canzona.zus-ml.cz\/canzona\/wp-json\/wp\/v2\/pages"}],"about":[{"href":"https:\/\/canzona.zus-ml.cz\/canzona\/wp-json\/wp\/v2\/types\/page"}],"author":[{"embeddable":true,"href":"https:\/\/canzona.zus-ml.cz\/canzona\/wp-json\/wp\/v2\/users\/1"}],"replies":[{"embeddable":true,"href":"https:\/\/canzona.zus-ml.cz\/canzona\/wp-json\/wp\/v2\/comments?post=895"}],"version-history":[{"count":25,"href":"https:\/\/canzona.zus-ml.cz\/canzona\/wp-json\/wp\/v2\/pages\/895\/revisions"}],"predecessor-version":[{"id":1490,"href":"https:\/\/canzona.zus-ml.cz\/canzona\/wp-json\/wp\/v2\/pages\/895\/revisions\/1490"}],"wp:attachment":[{"href":"https:\/\/canzona.zus-ml.cz\/canzona\/wp-json\/wp\/v2\/media?parent=895"}],"curies":[{"name":"wp","href":"https:\/\/api.w.org\/{rel}","templated":true}]}}